{"id":59,"date":"2018-11-22T16:42:50","date_gmt":"2018-11-22T16:42:50","guid":{"rendered":"http:\/\/animacionesmanamana.es\/?page_id=59"},"modified":"2018-12-22T08:47:00","modified_gmt":"2018-12-22T08:47:00","slug":"particulares-2","status":"publish","type":"page","link":"https:\/\/animacionesmanamana.es\/index.php\/particulares-2\/","title":{"rendered":"Particulares"},"content":{"rendered":"<p><strong>FIESTAS DE CUMPLEA\u00d1OS:<\/strong><\/p>\n<p>Una fiesta inolvidable.<\/p>\n<p>Celebra con nosotros este d\u00eda especial, sabemos que no todos los cumplea\u00f1os son iguales, por ello te ofrecemos un amplio cat\u00e1logo de actividades adaptados a su edad y con las que poder sorprenderles. CONSTRUYE RECUERDOS.<\/p>\n<p>Ejemplo de actividades:<br \/>\n\u2022 CUENTA-CUENTOS<br \/>\n\u2022 MINI-DISCO<br \/>\n\u2022 VISITA DE TU PERSONAJE FAVORITO (BOB ESPONJA, MICKEY, FROZEN, PATRULLA CANINA,\u2026)<br \/>\n\u2022 JUEGOS TEM\u00c1TICOS (EXPLORADORES, SUPERHEROES, PIRATAS, PRINCESAS,\u2026)<br \/>\n\u2022 FASHION PARTY<br \/>\n\u2022 SPORT PARTY<br \/>\n\u2022 JUEGOS GIGANTES, ETC<\/p>\n<p><strong>COMUNIONES:<\/strong><\/p>\n<p>Una comuni\u00f3n es una celebraci\u00f3n muy especial, donde ellos\/as son los aut\u00e9nticos protagonistas.<br \/>\nPor ello, no nos conformamos con ofreceros los t\u00edpicos servicios de payasos o pintacaras, sino que buscamos actividades muy divertidas y originales, y que son id\u00f3neas para estas edades.<br \/>\nNuestro principal objetivo es que se lo pasen genial y sea un d\u00eda inolvidable para ellos y sus amigos, sin olvidar nunca su bienestar.<br \/>\nP\u00eddenos informaci\u00f3n sobre nuestro amplio cat\u00e1logo de actividades.<\/p>\n<p>\u2022 JUEGOS TEM\u00c1TICOS<br \/>\n\u2022 JUEGOS POLICIACOS Y CIENTIFICOS<br \/>\n\u2022 GYMKHANAS<br \/>\n\u2022 JUEGOS GIGANTES<br \/>\n\u2022 JUEGOS MUSICALES (KARAOKE, DISCO TEEN,..)<br \/>\n\u2022 JUEGOS DEPORTIVOS<br \/>\n\u2022 CONCURSOS (JUEGOS EN FAMILIA,\u2026)<br \/>\n\u2022 JUEGOS Y ACTIVIDADES CREATIVAS (TALLERES, ESTUDIO DE CINE,\u2026)<br \/>\n\u2022 AUTOMOCI\u00d3N (SCALEXTRIC, COCHES TREPADORES,\u2026)<br \/>\nOTROS EVENTOS<br \/>\nOtros eventos que realizamos:<br \/>\n\u2022Bodas<br \/>\n\u2022Bautizos<br \/>\n\u2022Aniversarios<br \/>\n\u2022Reuniones familiares<br \/>\n\u2022Fiestas tem\u00e1ticas (Halloween, Hawaiana,\u2026)<br \/>\nCuente con nosotros para amenizar a peque\u00f1os y mayores. Disponemos de un amplio cat\u00e1logo de servicios y actividades para hacer \u00fanico su evento.<\/p>\n<p><strong>HINCHABLES Y CAMAS EL\u00c1STICAS:<\/strong><\/p>\n<p>Los juegos hinchables y camas el\u00e1sticas son de gran atractivo para los ni\u00f1os, por su colorido y tama\u00f1o, y constituyen una de las mejores atracciones para fiestas infantiles. Mejora la capacidad f\u00edsica as\u00ed como el sentido del equilibrio, siendo un ejercicio completo y saludable.<br \/>\nDisponemos de un amplio surtido de hinchables y camas el\u00e1sticas, de todas las medidas. Puedes alquilarlos con y sin monitor. Nuestros hinchables, est\u00e1n homologados y cumplen con la normativa UNE- EN 14960 y a cada uno de ellos se le realiza la inspecci\u00f3n anual obligatoria.<\/p>\n<p><strong>M\u00c1S SERVICIOS PARA TUS EVENTOS:<\/strong><\/p>\n<p>Todo lo que necesita para la organizaci\u00f3n de un evento o celebraci\u00f3n puede encontrarlo con nosotros: Ni\u00f1era, servicio de comedor, buffet dulces y de chucher\u00edas, m\u00e1quinas de comida, photocall divertidos, momento polaroid, regalos y detalles, tarjetas de regalo, bolsitas tem\u00e1ticas, alquiler de recreativos, juegos y disfraces, decorados, alquiler de mobiliario, etc.<\/p>\n<h3><a href=\"https:\/\/animacionesmanamana.es\/index.php\/productos\/\">Pulse aqu\u00ed para conocer nuestro cat\u00e1logo<\/a><\/h3>\n","protected":false},"excerpt":{"rendered":"<p>FIESTAS DE CUMPLEA\u00d1OS: Una fiesta inolvidable. Celebra con nosotros este d\u00eda especial, sabemos que no todos los cumplea\u00f1os son iguales, por ello te ofrecemos un amplio cat\u00e1logo de actividades adaptados a su edad y con las que poder sorprenderles. CONSTRUYE RECUERDOS. Ejemplo de actividades: \u2022 CUENTA-CUENTOS \u2022 MINI-DISCO \u2022 VISITA DE TU PERSONAJE FAVORITO (BOB [&hellip;]<\/p>\n","protected":false},"author":1,"featured_media":0,"parent":0,"menu_order":0,"comment_status":"closed","ping_status":"closed","template":"","meta":{"footnotes":""},"class_list":["post-59","page","type-page","status-publish","hentry"],"_links":{"self":[{"href":"https:\/\/animacionesmanamana.es\/index.php\/wp-json\/wp\/v2\/pages\/59","targetHints":{"allow":["GET"]}}],"collection":[{"href":"https:\/\/animacionesmanamana.es\/index.php\/wp-json\/wp\/v2\/pages"}],"about":[{"href":"https:\/\/animacionesmanamana.es\/index.php\/wp-json\/wp\/v2\/types\/page"}],"author":[{"embeddable":true,"href":"https:\/\/animacionesmanamana.es\/index.php\/wp-json\/wp\/v2\/users\/1"}],"replies":[{"embeddable":true,"href":"https:\/\/animacionesmanamana.es\/index.php\/wp-json\/wp\/v2\/comments?post=59"}],"version-history":[{"count":6,"href":"https:\/\/animacionesmanamana.es\/index.php\/wp-json\/wp\/v2\/pages\/59\/revisions"}],"predecessor-version":[{"id":323,"href":"https:\/\/animacionesmanamana.es\/index.php\/wp-json\/wp\/v2\/pages\/59\/revisions\/323"}],"wp:attachment":[{"href":"https:\/\/animacionesmanamana.es\/index.php\/wp-json\/wp\/v2\/media?parent=59"}],"curies":[{"name":"wp","href":"https:\/\/api.w.org\/{rel}","templated":true}]}}