{"id":55,"date":"2018-11-22T16:42:49","date_gmt":"2018-11-22T16:42:49","guid":{"rendered":"http:\/\/animacionesmanamana.es\/?page_id=55"},"modified":"2018-12-22T08:47:50","modified_gmt":"2018-12-22T08:47:50","slug":"alojamientos-turisticos","status":"publish","type":"page","link":"https:\/\/animacionesmanamana.es\/index.php\/alojamientos-turisticos\/","title":{"rendered":"Alojamientos tur\u00edsticos"},"content":{"rendered":"<p style=\"text-align: left;\"><strong>ANIMACI\u00d3N TUR\u00cdSTICA<\/strong><\/p>\n<p style=\"text-align: left;\">Muchas familias a la hora de elegir un alojamiento, buscan que \u00e9ste tenga un amplio programa de actividades de ocio, donde poder disfrutar peque\u00f1os y mayores.<\/p>\n<p>Por todo ello, le ayudamos a dinamizar sus instalaciones<\/p>\n<p>\u2022 ANIMACI\u00d3N PARA NI\u00d1OS Y PADRES (Baby club, mini club, programas de actividades padresmadres e hijos)<br \/>\n\u2022 DEPORTES<br \/>\n\u2022 BIENESTAR (relax, tonificaci\u00f3n, bailes, ritmo y talleres)<br \/>\n\u2022 ACTIVIDADES NOCTURNAS<br \/>\n\u2022 SHOW MAN<\/p>\n<p style=\"text-align: left;\"><strong>ANIMACI\u00d3N PARA EVENTOS<\/strong><\/p>\n<p style=\"text-align: left;\">Consiga dar valor a\u00f1adido a su establecimiento donde sus clientes sean los protagonistas principales.<br \/>\nPara los clientes que quieran celebrar un evento en sus instalaciones, le ofrecemos un amplio cat\u00e1logo de servicios para entretener a losas ni\u00f1osas del evento.<br \/>\n\u2022 JUEGOS TEM\u00c1TICOS<br \/>\n\u2022 JUEGOS POLICIACOS Y CIENTIFICOS<br \/>\n\u2022 GYMKHANAS<br \/>\n\u2022 JUEGOS GIGANTES<br \/>\n\u2022 JUEGOS MUSICALES (KARAOKE, DISCO TEEN,..)<br \/>\n\u2022 JUEGOS DEPORTIVOS<br \/>\n\u2022 CONCURSOS (JUEGOS EN FAMILIA,\u2026)<br \/>\n\u2022 JUEGOS Y ACTIVIDADES CREATIVAS (TALLERES, ESTUDIO DE CINE,\u2026)<br \/>\n\u2022 AUTOMOCI\u00d3N (SCALEXTRIC, COCHES TREPADORES,\u2026)<br \/>\n\u2022 HINCHABLES Y CAMAS EL\u00c1STICAS<br \/>\n\u2022 MASCOTAS<br \/>\n\u2022 PERSONAJES INFILTRADOS, etc.<\/p>\n<p><strong>LUDOTECA<\/strong><\/p>\n<p>Espacios espec\u00edficos para los m\u00e1s peque\u00f1os donde aprenden y se divierten jugando bajo la tutorizaci\u00f3n y dinamizaci\u00f3n de nuestros monitores titulados<br \/>\nCada d\u00eda esta m\u00e1s en auge la necesidad de buscar y generar espacios para los m\u00e1s peque\u00f1os. Sin duda alguna, una ludoteca es el complemento ideal para atraer y fidelizar clientes o para complementar un evento que realice en sus instalaciones.<br \/>\nLe ayudamos a dise\u00f1ar, llevar a cabo y gestionar este espacio teniendo en cuenta todas las medidas de seguridad, optimizaci\u00f3n de los espacios y orient\u00e1ndole estos al grupo de edad al que se quiere dirigir, generando una ludoteca vers\u00e1til y funcional.<br \/>\nEl servicio de ludoteca, se puede organizar en espacios fijos o mediante nuestra estructura m\u00f3vil.<br \/>\nEl servicio se puede establecer para un evento concreto, fines de semana y festivos o periodos estivales.<\/p>\n<p><strong>ACTIVIDADES TEM\u00c1TICAS<\/strong><\/p>\n<p>Le ayudamos a preparar y organizar programas de actividades tem\u00e1ticas, que van desde la decoraci\u00f3n hasta el desarrollo de las actividades.<br \/>\nEjemplos de actividades<br \/>\n\u2022 Halloween<br \/>\n\u2022 Navidad<br \/>\n\u2022 Fiesta Ibicenca<br \/>\n\u2022 Fiesta Romana<\/p>\n<h3><a href=\"https:\/\/animacionesmanamana.es\/index.php\/productos\/\">Pulse aqu\u00ed para conocer nuestro cat\u00e1logo<\/a><\/h3>\n","protected":false},"excerpt":{"rendered":"<p>ANIMACI\u00d3N TUR\u00cdSTICA Muchas familias a la hora de elegir un alojamiento, buscan que \u00e9ste tenga un amplio programa de actividades de ocio, donde poder disfrutar peque\u00f1os y mayores. Por todo ello, le ayudamos a dinamizar sus instalaciones \u2022 ANIMACI\u00d3N PARA NI\u00d1OS Y PADRES (Baby club, mini club, programas de actividades padresmadres e hijos) \u2022 DEPORTES [&hellip;]<\/p>\n","protected":false},"author":1,"featured_media":0,"parent":0,"menu_order":0,"comment_status":"closed","ping_status":"closed","template":"","meta":{"footnotes":""},"class_list":["post-55","page","type-page","status-publish","hentry"],"_links":{"self":[{"href":"https:\/\/animacionesmanamana.es\/index.php\/wp-json\/wp\/v2\/pages\/55","targetHints":{"allow":["GET"]}}],"collection":[{"href":"https:\/\/animacionesmanamana.es\/index.php\/wp-json\/wp\/v2\/pages"}],"about":[{"href":"https:\/\/animacionesmanamana.es\/index.php\/wp-json\/wp\/v2\/types\/page"}],"author":[{"embeddable":true,"href":"https:\/\/animacionesmanamana.es\/index.php\/wp-json\/wp\/v2\/users\/1"}],"replies":[{"embeddable":true,"href":"https:\/\/animacionesmanamana.es\/index.php\/wp-json\/wp\/v2\/comments?post=55"}],"version-history":[{"count":5,"href":"https:\/\/animacionesmanamana.es\/index.php\/wp-json\/wp\/v2\/pages\/55\/revisions"}],"predecessor-version":[{"id":325,"href":"https:\/\/animacionesmanamana.es\/index.php\/wp-json\/wp\/v2\/pages\/55\/revisions\/325"}],"wp:attachment":[{"href":"https:\/\/animacionesmanamana.es\/index.php\/wp-json\/wp\/v2\/media?parent=55"}],"curies":[{"name":"wp","href":"https:\/\/api.w.org\/{rel}","templated":true}]}}