{"id":47,"date":"2018-11-22T16:42:47","date_gmt":"2018-11-22T16:42:47","guid":{"rendered":"http:\/\/animacionesmanamana.es\/?page_id=47"},"modified":"2018-11-28T18:56:05","modified_gmt":"2018-11-28T18:56:05","slug":"trabajo","status":"publish","type":"page","link":"https:\/\/animacionesmanamana.es\/index.php\/trabajo\/","title":{"rendered":"Trabajo"},"content":{"rendered":"<p><strong>\u00bfQuieres trabajar con nosotros?\u00a0<\/strong>Tienes la oportunidad de formar parte de nuestro equipo y desarrollarte profesionalmente en el \u00e1mbito del ocio y la animaci\u00f3n.<\/p>\n<p>Buscamos gente din\u00e1mica, comprometida, que sepa trabajar en equipo y valoramos enormemente la iniciativa y el esp\u00edritu innovador.<\/p>\n<p>M\u00e1ndanos tu curriculum: (formatos aceptados: .pdf, .doc, .zip)<\/p>\n\n<div class=\"wpcf7 no-js\" id=\"wpcf7-f211-o1\" lang=\"es-ES\" dir=\"ltr\" data-wpcf7-id=\"211\">\n<div class=\"screen-reader-response\"><p role=\"status\" aria-live=\"polite\" aria-atomic=\"true\"><\/p> <ul><\/ul><\/div>\n<form action=\"\/index.php\/wp-json\/wp\/v2\/pages\/47#wpcf7-f211-o1\" method=\"post\" class=\"wpcf7-form init\" aria-label=\"Formulario de contacto\" enctype=\"multipart\/form-data\" novalidate=\"novalidate\" data-status=\"init\">\n<div style=\"display: none;\">\n<input type=\"hidden\" name=\"_wpcf7\" value=\"211\" \/>\n<input type=\"hidden\" name=\"_wpcf7_version\" value=\"6.0.6\" \/>\n<input type=\"hidden\" name=\"_wpcf7_locale\" value=\"es_ES\" \/>\n<input type=\"hidden\" name=\"_wpcf7_unit_tag\" value=\"wpcf7-f211-o1\" \/>\n<input type=\"hidden\" name=\"_wpcf7_container_post\" value=\"0\" \/>\n<input type=\"hidden\" name=\"_wpcf7_posted_data_hash\" value=\"\" \/>\n<\/div>\n<p><span class=\"wpcf7-form-control-wrap\" data-name=\"file-825\"><input size=\"40\" class=\"wpcf7-form-control wpcf7-file\" accept=\".pdf,.zip,.doc\" aria-invalid=\"false\" type=\"file\" name=\"file-825\" \/><\/span><label> Tu nombre (requerido)<br \/>\n<span class=\"wpcf7-form-control-wrap\" data-name=\"your-name\"><input size=\"40\" maxlength=\"400\" class=\"wpcf7-form-control wpcf7-text wpcf7-validates-as-required\" aria-required=\"true\" aria-invalid=\"false\" value=\"\" type=\"text\" name=\"your-name\" \/><\/span> <\/label>\n<\/p>\n<p><label> Tu correo electr\u00f3nico (requerido)<br \/>\n<span class=\"wpcf7-form-control-wrap\" data-name=\"your-email\"><input size=\"40\" maxlength=\"400\" class=\"wpcf7-form-control wpcf7-email wpcf7-validates-as-required wpcf7-text wpcf7-validates-as-email\" aria-required=\"true\" aria-invalid=\"false\" value=\"\" type=\"email\" name=\"your-email\" \/><\/span> <\/label>\n<\/p>\n<p><label> Asunto<br \/>\n<span class=\"wpcf7-form-control-wrap\" data-name=\"your-subject\"><input size=\"40\" maxlength=\"400\" class=\"wpcf7-form-control wpcf7-text\" aria-invalid=\"false\" value=\"\" type=\"text\" name=\"your-subject\" \/><\/span> <\/label>\n<\/p>\n<p><label> Tu mensaje<br \/>\n<span class=\"wpcf7-form-control-wrap\" data-name=\"your-message\"><textarea cols=\"40\" rows=\"10\" maxlength=\"2000\" class=\"wpcf7-form-control wpcf7-textarea\" aria-invalid=\"false\" name=\"your-message\"><\/textarea><\/span> <\/label>\n<\/p>\n<p><input class=\"wpcf7-form-control wpcf7-submit has-spinner\" type=\"submit\" value=\"Enviar\" \/>\n<\/p><div class=\"wpcf7-response-output\" aria-hidden=\"true\"><\/div>\n<\/form>\n<\/div>\n\n","protected":false},"excerpt":{"rendered":"<p>\u00bfQuieres trabajar con nosotros?\u00a0Tienes la oportunidad de formar parte de nuestro equipo y desarrollarte profesionalmente en el \u00e1mbito del ocio y la animaci\u00f3n. Buscamos gente din\u00e1mica, comprometida, que sepa trabajar en equipo y valoramos enormemente la iniciativa y el esp\u00edritu innovador. M\u00e1ndanos tu curriculum: (formatos aceptados: .pdf, .doc, .zip)<\/p>\n","protected":false},"author":1,"featured_media":0,"parent":0,"menu_order":0,"comment_status":"closed","ping_status":"closed","template":"","meta":{"footnotes":""},"class_list":["post-47","page","type-page","status-publish","hentry"],"_links":{"self":[{"href":"https:\/\/animacionesmanamana.es\/index.php\/wp-json\/wp\/v2\/pages\/47","targetHints":{"allow":["GET"]}}],"collection":[{"href":"https:\/\/animacionesmanamana.es\/index.php\/wp-json\/wp\/v2\/pages"}],"about":[{"href":"https:\/\/animacionesmanamana.es\/index.php\/wp-json\/wp\/v2\/types\/page"}],"author":[{"embeddable":true,"href":"https:\/\/animacionesmanamana.es\/index.php\/wp-json\/wp\/v2\/users\/1"}],"replies":[{"embeddable":true,"href":"https:\/\/animacionesmanamana.es\/index.php\/wp-json\/wp\/v2\/comments?post=47"}],"version-history":[{"count":5,"href":"https:\/\/animacionesmanamana.es\/index.php\/wp-json\/wp\/v2\/pages\/47\/revisions"}],"predecessor-version":[{"id":212,"href":"https:\/\/animacionesmanamana.es\/index.php\/wp-json\/wp\/v2\/pages\/47\/revisions\/212"}],"wp:attachment":[{"href":"https:\/\/animacionesmanamana.es\/index.php\/wp-json\/wp\/v2\/media?parent=47"}],"curies":[{"name":"wp","href":"https:\/\/api.w.org\/{rel}","templated":true}]}}